{"id":174,"date":"2020-07-16T12:03:53","date_gmt":"2020-07-16T10:03:53","guid":{"rendered":"http:\/\/www.zrsocius.com\/?page_id=174"},"modified":"2024-10-31T19:01:15","modified_gmt":"2024-10-31T18:01:15","slug":"paie","status":"publish","type":"page","link":"https:\/\/www.zrsocius.com\/index.php\/formation\/paie\/","title":{"rendered":"Paie"},"content":{"rendered":"\n<figure class=\"wp-block-image\"><img loading=\"lazy\" decoding=\"async\" width=\"1024\" height=\"683\" src=\"http:\/\/www.zrsocius.com\/wp-content\/uploads\/2020\/07\/bureau-cahier-1024x683.jpg\" alt=\"\" class=\"wp-image-8\" srcset=\"https:\/\/www.zrsocius.com\/wp-content\/uploads\/2020\/07\/bureau-cahier-1024x683.jpg 1024w, https:\/\/www.zrsocius.com\/wp-content\/uploads\/2020\/07\/bureau-cahier-300x200.jpg 300w, https:\/\/www.zrsocius.com\/wp-content\/uploads\/2020\/07\/bureau-cahier-768x512.jpg 768w, https:\/\/www.zrsocius.com\/wp-content\/uploads\/2020\/07\/bureau-cahier.jpg 1920w\" sizes=\"(max-width: 1024px) 100vw, 1024px\" \/><\/figure>\n\n\n\n<div data-wp-interactive=\"core\/file\" class=\"wp-block-file\"><object data-wp-bind--hidden=\"!state.hasPdfPreview\"  class=\"wp-block-file__embed\" data=\"http:\/\/www.zrsocius.com\/wp-content\/uploads\/2024\/10\/ACTUALITES-PAIES-2024-1.pdf\" type=\"application\/pdf\" style=\"width:100%;height:600px\" aria-label=\"Contenu embarqu\u00e9 ACTUALITES-PAIES-2024.\"><\/object><a id=\"wp-block-file--media-f9091052-cf01-4d37-9fe9-9e4deddeccef\" href=\"http:\/\/www.zrsocius.com\/wp-content\/uploads\/2024\/10\/ACTUALITES-PAIES-2024-1.pdf\" target=\"_blank\" rel=\"noreferrer noopener\">ACTUALITES-PAIES-2024<\/a><a href=\"http:\/\/www.zrsocius.com\/wp-content\/uploads\/2024\/10\/ACTUALITES-PAIES-2024-1.pdf\" class=\"wp-block-file__button wp-element-button\" download aria-describedby=\"wp-block-file--media-f9091052-cf01-4d37-9fe9-9e4deddeccef\">T\u00e9l\u00e9charger<\/a><\/div>\n\n\n\n<p><a href=\"http:\/\/www.zrsocius.com\/index.php\/formation\/paie\/debutant\/\">D\u00e9butant<\/a><\/p>\n\n\n\n<div data-wp-interactive=\"core\/file\" class=\"wp-block-file\"><object data-wp-bind--hidden=\"!state.hasPdfPreview\"  class=\"wp-block-file__embed\" data=\"http:\/\/www.zrsocius.com\/wp-content\/uploads\/2024\/10\/Note-dinfo-Maladie-et-conges-payes-042024.pdf\" type=\"application\/pdf\" style=\"width:100%;height:600px\" aria-label=\"Contenu embarqu\u00e9 Info : Maladie et Cong\u00e9s pay\u00e9s - 042024.\"><\/object><a id=\"wp-block-file--media-04d9bcdb-f9d7-4374-8855-620c5d04f25b\" href=\"http:\/\/www.zrsocius.com\/wp-content\/uploads\/2024\/10\/Note-dinfo-Maladie-et-conges-payes-042024.pdf\" target=\"_blank\" rel=\"noreferrer noopener\">Info : Maladie et Cong\u00e9s pay\u00e9s &#8211; 042024<\/a><a href=\"http:\/\/www.zrsocius.com\/wp-content\/uploads\/2024\/10\/Note-dinfo-Maladie-et-conges-payes-042024.pdf\" class=\"wp-block-file__button wp-element-button\" download aria-describedby=\"wp-block-file--media-04d9bcdb-f9d7-4374-8855-620c5d04f25b\">T\u00e9l\u00e9charger<\/a><\/div>\n\n\n\n<p><\/p>\n","protected":false},"excerpt":{"rendered":"<p>D\u00e9butant<\/p>\n","protected":false},"author":1,"featured_media":0,"parent":29,"menu_order":0,"comment_status":"closed","ping_status":"closed","template":"","meta":{"footnotes":""},"class_list":["post-174","page","type-page","status-publish","hentry"],"_links":{"self":[{"href":"https:\/\/www.zrsocius.com\/index.php\/wp-json\/wp\/v2\/pages\/174"}],"collection":[{"href":"https:\/\/www.zrsocius.com\/index.php\/wp-json\/wp\/v2\/pages"}],"about":[{"href":"https:\/\/www.zrsocius.com\/index.php\/wp-json\/wp\/v2\/types\/page"}],"author":[{"embeddable":true,"href":"https:\/\/www.zrsocius.com\/index.php\/wp-json\/wp\/v2\/users\/1"}],"replies":[{"embeddable":true,"href":"https:\/\/www.zrsocius.com\/index.php\/wp-json\/wp\/v2\/comments?post=174"}],"version-history":[{"count":16,"href":"https:\/\/www.zrsocius.com\/index.php\/wp-json\/wp\/v2\/pages\/174\/revisions"}],"predecessor-version":[{"id":364,"href":"https:\/\/www.zrsocius.com\/index.php\/wp-json\/wp\/v2\/pages\/174\/revisions\/364"}],"up":[{"embeddable":true,"href":"https:\/\/www.zrsocius.com\/index.php\/wp-json\/wp\/v2\/pages\/29"}],"wp:attachment":[{"href":"https:\/\/www.zrsocius.com\/index.php\/wp-json\/wp\/v2\/media?parent=174"}],"curies":[{"name":"wp","href":"https:\/\/api.w.org\/{rel}","templated":true}]}}