{"id":205,"date":"2024-07-09T12:57:58","date_gmt":"2024-07-09T10:57:58","guid":{"rendered":"http:\/\/www.zrsocius.com\/?page_id=205"},"modified":"2024-07-17T17:38:53","modified_gmt":"2024-07-17T15:38:53","slug":"debutant","status":"publish","type":"page","link":"https:\/\/www.zrsocius.com\/index.php\/formation\/paie\/debutant\/","title":{"rendered":"Maitriser le bulletin de paie"},"content":{"rendered":"\n<figure class=\"wp-block-image\"><img loading=\"lazy\" decoding=\"async\" width=\"500\" height=\"500\" src=\"http:\/\/www.zrsocius.com\/wp-content\/uploads\/2020\/07\/FORMATION-ORANGE.png\" alt=\"\" class=\"wp-image-18\" srcset=\"https:\/\/www.zrsocius.com\/wp-content\/uploads\/2020\/07\/FORMATION-ORANGE.png 500w, https:\/\/www.zrsocius.com\/wp-content\/uploads\/2020\/07\/FORMATION-ORANGE-150x150.png 150w, https:\/\/www.zrsocius.com\/wp-content\/uploads\/2020\/07\/FORMATION-ORANGE-300x300.png 300w\" sizes=\"(max-width: 500px) 100vw, 500px\" \/><\/figure>\n\n\n\n<p>Maitriser le bulletin de paie<\/p>\n\n\n\n<h3 class=\"wp-block-heading\"><strong>Bienvenue \u00e0 notre Formation \u00ab\u00a0Ma\u00eetriser le Bulletin de Paie\u00a0\u00bb<\/strong><\/h3>\n\n\n\n<p><strong>Plongez au c\u0153ur de la gestion salariale avec notre formation compl\u00e8te \u00ab\u00a0Ma\u00eetriser le Bulletin de Paie\u00a0\u00bb. <\/strong><\/p>\n\n\n\n<p>Que vous soyez gestionnaire RH, comptable ou entrepreneur, cette formation est con\u00e7ue pour vous offrir une compr\u00e9hension approfondie et pratique de tous les aspects du bulletin de paie. <\/p>\n\n\n\n<p>D\u00e9couvrez les cl\u00e9s pour d\u00e9crypter, \u00e9laborer et g\u00e9rer efficacement les bulletins de paie, tout en restant conforme aux r\u00e9gulations en constante \u00e9volution. <\/p>\n\n\n\n<p><em>Rejoignez nous et transformez la complexit\u00e9 de la paie en un atout strat\u00e9gique pour votre entreprise !<\/em><\/p>\n\n\n\n<p>La plaquette de ventes, le dossier de candidature et le test de positionnement sont en t\u00e9l\u00e9chargement pour tout contact.<\/p>\n\n\n\n<div class=\"wp-block-buttons is-layout-flex wp-block-buttons-is-layout-flex\"><\/div>\n\n\n\n<div class=\"wp-block-file\"><a id=\"wp-block-file--media-8e7b47b0-b91b-4157-8686-a0a73b50d9bd\" href=\"http:\/\/www.zrsocius.com\/wp-content\/uploads\/2024\/07\/Plaquette-de-ventes-Presentiel-maj-01072024.pdf\">Plaquette de ventes Pre\u0301sentiel maj 01072024<\/a><a href=\"http:\/\/www.zrsocius.com\/wp-content\/uploads\/2024\/07\/Plaquette-de-ventes-Presentiel-maj-01072024.pdf\" class=\"wp-block-file__button wp-element-button\" download aria-describedby=\"wp-block-file--media-8e7b47b0-b91b-4157-8686-a0a73b50d9bd\">T\u00e9l\u00e9charger<\/a><\/div>\n\n\n\n<div class=\"wp-block-file\"><a id=\"wp-block-file--media-6163b7e4-ba27-4365-b36f-6c8c613543d6\" href=\"http:\/\/www.zrsocius.com\/wp-content\/uploads\/2024\/07\/Dossier-de-candidature-Formation-Maitriser-le-bulletin-de-paie-1.pdf\">Dossier-de-candidature-Formation-Maitriser-le-bulletin-de-paie-1<\/a><a href=\"http:\/\/www.zrsocius.com\/wp-content\/uploads\/2024\/07\/Dossier-de-candidature-Formation-Maitriser-le-bulletin-de-paie-1.pdf\" class=\"wp-block-file__button wp-element-button\" download aria-describedby=\"wp-block-file--media-6163b7e4-ba27-4365-b36f-6c8c613543d6\">T\u00e9l\u00e9charger<\/a><\/div>\n\n\n\n<div class=\"wp-block-file\"><a id=\"wp-block-file--media-1443f517-36da-46d1-ac1b-87f599434493\" href=\"https:\/\/www.zrsocius.com\/wp-content\/uploads\/2024\/07\/Test-positionement-Maitriser-la-paie.pdf\">Test-positionement-Maitriser-la-paie<\/a><a href=\"https:\/\/www.zrsocius.com\/wp-content\/uploads\/2024\/07\/Test-positionement-Maitriser-la-paie.pdf\" class=\"wp-block-file__button wp-element-button\" download aria-describedby=\"wp-block-file--media-1443f517-36da-46d1-ac1b-87f599434493\">T\u00e9l\u00e9charger<\/a><\/div>\n\n\n\n<p>Contactez nous au 06.15.68.47.27 ou utilisez le formulaire de contact<\/p>\n","protected":false},"excerpt":{"rendered":"<p>Maitriser le bulletin de paie Bienvenue \u00e0 notre Formation \u00ab\u00a0Ma\u00eetriser le Bulletin de Paie\u00a0\u00bb Plongez au c\u0153ur de la gestion salariale avec notre formation compl\u00e8te \u00ab\u00a0Ma\u00eetriser le Bulletin de Paie\u00a0\u00bb. Que vous soyez gestionnaire RH, comptable ou entrepreneur, cette formation est con\u00e7ue pour vous offrir une compr\u00e9hension approfondie et pratique de tous les aspects du [&hellip;]<\/p>\n","protected":false},"author":1,"featured_media":0,"parent":174,"menu_order":0,"comment_status":"closed","ping_status":"closed","template":"","meta":{"footnotes":""},"class_list":["post-205","page","type-page","status-publish","hentry"],"_links":{"self":[{"href":"https:\/\/www.zrsocius.com\/index.php\/wp-json\/wp\/v2\/pages\/205"}],"collection":[{"href":"https:\/\/www.zrsocius.com\/index.php\/wp-json\/wp\/v2\/pages"}],"about":[{"href":"https:\/\/www.zrsocius.com\/index.php\/wp-json\/wp\/v2\/types\/page"}],"author":[{"embeddable":true,"href":"https:\/\/www.zrsocius.com\/index.php\/wp-json\/wp\/v2\/users\/1"}],"replies":[{"embeddable":true,"href":"https:\/\/www.zrsocius.com\/index.php\/wp-json\/wp\/v2\/comments?post=205"}],"version-history":[{"count":16,"href":"https:\/\/www.zrsocius.com\/index.php\/wp-json\/wp\/v2\/pages\/205\/revisions"}],"predecessor-version":[{"id":307,"href":"https:\/\/www.zrsocius.com\/index.php\/wp-json\/wp\/v2\/pages\/205\/revisions\/307"}],"up":[{"embeddable":true,"href":"https:\/\/www.zrsocius.com\/index.php\/wp-json\/wp\/v2\/pages\/174"}],"wp:attachment":[{"href":"https:\/\/www.zrsocius.com\/index.php\/wp-json\/wp\/v2\/media?parent=205"}],"curies":[{"name":"wp","href":"https:\/\/api.w.org\/{rel}","templated":true}]}}