{"id":21,"date":"2020-07-13T13:50:54","date_gmt":"2020-07-13T11:50:54","guid":{"rendered":"http:\/\/zrsocius.com\/?page_id=21"},"modified":"2020-07-16T11:02:57","modified_gmt":"2020-07-16T09:02:57","slug":"conseil","status":"publish","type":"page","link":"https:\/\/www.zrsocius.com\/index.php\/conseil\/","title":{"rendered":"Conseil"},"content":{"rendered":"\n<h2 class=\"wp-block-heading\"><strong>Faites appel \u00e0 des professionnels<\/strong><\/h2>\n\n\n\n<p>\nLe consultant intervient en tant\nque personne ext\u00e9rieure dans une entreprise qui fait appel \u00e0 lui\npour son expertise dans un domaine particulier. Ce que l\u2019entreprise\nattend du consultant, c\u2019est sa comp\u00e9tence particuli\u00e8re \u00e0 g\u00e9rer\ncertains probl\u00e8mes ou le recul qu&rsquo;il peut avoir. Le fait qu\u2019il\nsoit externe \u00e0 l\u2019entreprise peut faciliter la mission qui lui est\nconfi\u00e9e. Le conseil peut concerner des champs tr\u00e8s larges\nd\u2019activit\u00e9s, par exemple les ressources humaines, le recrutement,\net des missions plus op\u00e9rationnelles, par exemple en pilotant la\nmise en \u0153uvre de projets. On doit alors s\u2019assurer que tous les\nmoyens sont pris pour atteindre des objectifs fix\u00e9s (en terme de\nressources humaines, de planning, de budgets, \u2026). Nous pouvons\naussi intervenir sur des probl\u00e9matique li\u00e9es \u00e0 la r\u00e9organisation\nde l\u2019activit\u00e9, comment optimiser le travail de l\u2019entreprise, ou\ncomment faciliter le changement.\u00a0\u00bb<\/p>\n\n\n\n<div class=\"wp-block-image\"><figure class=\"aligncenter\"><img loading=\"lazy\" decoding=\"async\" width=\"500\" height=\"500\" src=\"http:\/\/zrsocius.com\/wp-content\/uploads\/2020\/07\/image-conseil.png\" alt=\"\" class=\"wp-image-76\" srcset=\"https:\/\/www.zrsocius.com\/wp-content\/uploads\/2020\/07\/image-conseil.png 500w, https:\/\/www.zrsocius.com\/wp-content\/uploads\/2020\/07\/image-conseil-150x150.png 150w, https:\/\/www.zrsocius.com\/wp-content\/uploads\/2020\/07\/image-conseil-300x300.png 300w\" sizes=\"(max-width: 500px) 100vw, 500px\" \/><\/figure><\/div>\n\n\n\n<p>Missionn\u00e9\naupr\u00e8s de vous, nous avons pour objectif d&rsquo;am\u00e9liorer votre \nfonctionnement dans un domaine en particulier. Nous vous conseillons\nsur des am\u00e9liorations \u00e0 apporter dans le secteur des ressources\nhumaines, gestion et comptabilit\u00e9 et de l&rsquo;organisation g\u00e9n\u00e9rale.<\/p>\n\n\n\n<p>Nous\nvous conseillons et vous accompagnons dans vos prises de d\u00e9cisions.<\/p>\n\n\n\n<p>Notre\nouverture d\u2019esprit, notre capacit\u00e9 de compr\u00e9hension et d\u2019analyse\nsont les qualit\u00e9s essentielles pour un accompagnement de qualit\u00e9.\nNotre flexibilit\u00e9 et notre rigueur&nbsp;seront faire la diff\u00e9rence.<\/p>\n\n\n\n<p style=\"text-align:center\"><strong>Contact devis<\/strong><\/p>\n","protected":false},"excerpt":{"rendered":"<p>Faites appel \u00e0 des professionnels Le consultant intervient en tant que personne ext\u00e9rieure dans une entreprise qui fait appel \u00e0 lui pour son expertise dans un domaine particulier. Ce que l\u2019entreprise attend du consultant, c\u2019est sa comp\u00e9tence particuli\u00e8re \u00e0 g\u00e9rer certains probl\u00e8mes ou le recul qu&rsquo;il peut avoir. Le fait qu\u2019il soit externe \u00e0 l\u2019entreprise [&hellip;]<\/p>\n","protected":false},"author":1,"featured_media":0,"parent":0,"menu_order":1,"comment_status":"closed","ping_status":"closed","template":"","meta":{"footnotes":""},"class_list":["post-21","page","type-page","status-publish","hentry"],"_links":{"self":[{"href":"https:\/\/www.zrsocius.com\/index.php\/wp-json\/wp\/v2\/pages\/21"}],"collection":[{"href":"https:\/\/www.zrsocius.com\/index.php\/wp-json\/wp\/v2\/pages"}],"about":[{"href":"https:\/\/www.zrsocius.com\/index.php\/wp-json\/wp\/v2\/types\/page"}],"author":[{"embeddable":true,"href":"https:\/\/www.zrsocius.com\/index.php\/wp-json\/wp\/v2\/users\/1"}],"replies":[{"embeddable":true,"href":"https:\/\/www.zrsocius.com\/index.php\/wp-json\/wp\/v2\/comments?post=21"}],"version-history":[{"count":5,"href":"https:\/\/www.zrsocius.com\/index.php\/wp-json\/wp\/v2\/pages\/21\/revisions"}],"predecessor-version":[{"id":80,"href":"https:\/\/www.zrsocius.com\/index.php\/wp-json\/wp\/v2\/pages\/21\/revisions\/80"}],"wp:attachment":[{"href":"https:\/\/www.zrsocius.com\/index.php\/wp-json\/wp\/v2\/media?parent=21"}],"curies":[{"name":"wp","href":"https:\/\/api.w.org\/{rel}","templated":true}]}}