{"id":269,"date":"2021-01-10T17:47:03","date_gmt":"2021-01-10T16:47:03","guid":{"rendered":"http:\/\/www.zrsocius.com\/?page_id=269"},"modified":"2024-10-31T19:06:47","modified_gmt":"2024-10-31T18:06:47","slug":"supervision-de-la-comptabilite","status":"publish","type":"page","link":"https:\/\/www.zrsocius.com\/index.php\/supervision-de-la-comptabilite\/","title":{"rendered":"Supervision de la comptabilit\u00e9"},"content":{"rendered":"\n<p class=\"has-small-font-size\"><strong>Soyez tranquilles<\/strong>, laissez la supervision de votre comptabilit\u00e9 \u00e0 des experts certifi\u00e9s et exp\u00e9riment\u00e9s avant l&rsquo;intervention de vos experts comptables ou commissaires aux comptes. Cela peut \u00eatre une mission ponctuelle, suite \u00e0 une vacance de poste (ou pour rassurer votre \u00e9quipe en poste) ou une mission annuelle pour r\u00e9duire les co\u00fbts de votre service comptable.<\/p>\n\n\n\n<div class=\"wp-block-file\"><a id=\"wp-block-file--media-2574daec-6ce0-4116-9b10-d935e48f8911\" href=\"http:\/\/www.zrsocius.com\/wp-content\/uploads\/2024\/10\/1cc5e695-021b-469e-b672-d96819d50ed9.jpg\">_1cc5e695-021b-469e-b672-d96819d50ed9<\/a><\/div>\n\n\n\n<p>Contactez nous, pour en savoir plus et trouver une solution adapt\u00e9e \u00e0 votre entreprise.<\/p>\n","protected":false},"excerpt":{"rendered":"<p>Soyez tranquilles, laissez la supervision de votre comptabilit\u00e9 \u00e0 des experts certifi\u00e9s et exp\u00e9riment\u00e9s avant l&rsquo;intervention de vos experts comptables ou commissaires aux comptes. Cela peut \u00eatre une mission ponctuelle, suite \u00e0 une vacance de poste (ou pour rassurer votre \u00e9quipe en poste) ou une mission annuelle pour r\u00e9duire les co\u00fbts de votre service comptable. [&hellip;]<\/p>\n","protected":false},"author":1,"featured_media":344,"parent":0,"menu_order":0,"comment_status":"closed","ping_status":"closed","template":"","meta":{"footnotes":""},"class_list":["post-269","page","type-page","status-publish","has-post-thumbnail","hentry"],"_links":{"self":[{"href":"https:\/\/www.zrsocius.com\/index.php\/wp-json\/wp\/v2\/pages\/269"}],"collection":[{"href":"https:\/\/www.zrsocius.com\/index.php\/wp-json\/wp\/v2\/pages"}],"about":[{"href":"https:\/\/www.zrsocius.com\/index.php\/wp-json\/wp\/v2\/types\/page"}],"author":[{"embeddable":true,"href":"https:\/\/www.zrsocius.com\/index.php\/wp-json\/wp\/v2\/users\/1"}],"replies":[{"embeddable":true,"href":"https:\/\/www.zrsocius.com\/index.php\/wp-json\/wp\/v2\/comments?post=269"}],"version-history":[{"count":7,"href":"https:\/\/www.zrsocius.com\/index.php\/wp-json\/wp\/v2\/pages\/269\/revisions"}],"predecessor-version":[{"id":368,"href":"https:\/\/www.zrsocius.com\/index.php\/wp-json\/wp\/v2\/pages\/269\/revisions\/368"}],"wp:featuredmedia":[{"embeddable":true,"href":"https:\/\/www.zrsocius.com\/index.php\/wp-json\/wp\/v2\/media\/344"}],"wp:attachment":[{"href":"https:\/\/www.zrsocius.com\/index.php\/wp-json\/wp\/v2\/media?parent=269"}],"curies":[{"name":"wp","href":"https:\/\/api.w.org\/{rel}","templated":true}]}}