{"id":29,"date":"2020-07-13T13:53:04","date_gmt":"2020-07-13T11:53:04","guid":{"rendered":"http:\/\/zrsocius.com\/?page_id=29"},"modified":"2024-10-31T18:32:30","modified_gmt":"2024-10-31T17:32:30","slug":"formation","status":"publish","type":"page","link":"https:\/\/www.zrsocius.com\/index.php\/formation\/","title":{"rendered":"Formation"},"content":{"rendered":"\n<p><strong> D\u00e9velopper de nouveaux savoirs<\/strong><\/p>\n\n\n\n<p>Les employeurs en sont conscients. C&rsquo;est&nbsp;<strong>pourquoi<\/strong>&nbsp;ils n&rsquo;h\u00e9sitent pas \u00e0 proposer \u00e0 leurs employ\u00e9s des modules de&nbsp;<strong>formations<\/strong>&nbsp;sp\u00e9cialis\u00e9es. En acqu\u00e9rant des connaissances nouvelles, ces derniers accroissent leurs performances et contribuent \u00e0 la bonne marche \u00e9conomique de l&rsquo;entreprise. Faire une&nbsp;<strong>formation<\/strong>&nbsp;pour gravir les \u00e9chelons est l&rsquo;une des raisons les plus courantes pour&nbsp;<strong>suivre<br>une formation<\/strong>. &#8230; S&rsquo;inscrire \u00e0 une&nbsp;<strong>formation<\/strong>&nbsp;en milieu de carri\u00e8re, redonne une v\u00e9ritable bouff\u00e9e d&rsquo;oxyg\u00e8ne sur un plan professionnel. Cela permet \u00e9galement d&rsquo;obtenir une meilleure r\u00e9mun\u00e9ration.<\/p>\n\n\n\n<p>ZR SOCIUS s\u2019adresse \u00e0 tous ceux qui souhaitent am\u00e9liorer, perfectionner leur niveau en paie et mettre \u00e0 jour leurs connaissances en gestion de la paie.<\/p>\n\n\n\n<p>Nous vous proposerons tr\u00e8s\nprochainement des formations en pr\u00e9sentiel et en ligne :<\/p>\n\n\n<div class=\"wp-block-image\">\n<figure class=\"aligncenter\"><img loading=\"lazy\" decoding=\"async\" width=\"876\" height=\"619\" src=\"http:\/\/zrsocius.com\/wp-content\/uploads\/2020\/07\/formation-1.jpg\" alt=\"\" class=\"wp-image-99\" srcset=\"https:\/\/www.zrsocius.com\/wp-content\/uploads\/2020\/07\/formation-1.jpg 876w, https:\/\/www.zrsocius.com\/wp-content\/uploads\/2020\/07\/formation-1-300x212.jpg 300w, https:\/\/www.zrsocius.com\/wp-content\/uploads\/2020\/07\/formation-1-768x543.jpg 768w\" sizes=\"(max-width: 876px) 100vw, 876px\" \/><\/figure><\/div>\n\n\n<p><strong>Sur la Paie<\/strong><\/p>\n\n\n\n<ul class=\"wp-block-list\">\n<li><a href=\"http:\/\/www.zrsocius.com\/index.php\/formation\/paie\/debutant\/\">D\u00e9butant<\/a><\/li>\n<\/ul>\n\n\n\n<p><strong>Sur l\u2019Administration du personnel<\/strong><\/p>\n\n\n\n<p><strong>Sur les relations au travail<\/strong><\/p>\n\n\n\n<p><strong><a href=\"http:\/\/www.zrsocius.com\/index.php\/formation\/les-outils-administratifs\/\">Sur les outils administratifs  <\/a><\/strong><\/p>\n\n\n\n<ul class=\"wp-block-list\">\n<li><a href=\"http:\/\/www.zrsocius.com\/index.php\/formation\/les-outils-administratifs\/excel\/\">Excel<\/a> <\/li>\n\n\n\n<li><a href=\"http:\/\/www.zrsocius.com\/index.php\/formation\/les-outils-administratifs\/word\/\">Word <\/a><\/li>\n\n\n\n<li><a href=\"http:\/\/www.zrsocius.com\/index.php\/formation\/les-outils-administratifs\/powerpoint\/\">Powerpoint <\/a><\/li>\n<\/ul>\n\n\n\n<p><strong>Pour \u00eatre tenus au courant de la mise en ligne de notre catalogue de formation  <\/strong><\/p>\n\n\n\n<p><strong>Contact&nbsp;:<\/strong><\/p>\n\n\n\n<figure class=\"wp-block-image size-full\"><img loading=\"lazy\" decoding=\"async\" width=\"500\" height=\"326\" src=\"http:\/\/www.zrsocius.com\/wp-content\/uploads\/2024\/07\/logo-qualiopi-1-1.png\" alt=\"\" class=\"wp-image-311\" srcset=\"https:\/\/www.zrsocius.com\/wp-content\/uploads\/2024\/07\/logo-qualiopi-1-1.png 500w, https:\/\/www.zrsocius.com\/wp-content\/uploads\/2024\/07\/logo-qualiopi-1-1-300x196.png 300w\" sizes=\"(max-width: 500px) 100vw, 500px\" \/><\/figure>\n\n\n\n<p>ZR SOCIUS est un organisme de formation certifi\u00e9 selon le R\u00e9f\u00e9rentiel National sur la Qualit\u00e9. <\/p>\n\n\n\n<div data-wp-interactive=\"core\/file\" class=\"wp-block-file\"><object data-wp-bind--hidden=\"!state.hasPdfPreview\"  class=\"wp-block-file__embed\" data=\"http:\/\/www.zrsocius.com\/wp-content\/uploads\/2024\/10\/Certificat-QUALIOPI-ZR-SOCIUS-v2.pdf\" type=\"application\/pdf\" style=\"width:100%;height:600px\" aria-label=\"Contenu embarqu\u00e9 Certificat QUALIOPI - ZR SOCIUS v2.\"><\/object><a id=\"wp-block-file--media-7787e9b2-f1b6-4bf9-9a39-0b1b29e28a95\" href=\"http:\/\/www.zrsocius.com\/wp-content\/uploads\/2024\/10\/Certificat-QUALIOPI-ZR-SOCIUS-v2.pdf\" target=\"_blank\" rel=\"noreferrer noopener\">Certificat QUALIOPI &#8211; ZR SOCIUS v2<\/a><a href=\"http:\/\/www.zrsocius.com\/wp-content\/uploads\/2024\/10\/Certificat-QUALIOPI-ZR-SOCIUS-v2.pdf\" class=\"wp-block-file__button wp-element-button\" download aria-describedby=\"wp-block-file--media-7787e9b2-f1b6-4bf9-9a39-0b1b29e28a95\">T\u00e9l\u00e9charger<\/a><\/div>\n","protected":false},"excerpt":{"rendered":"<p>D\u00e9velopper de nouveaux savoirs Les employeurs en sont conscients. C&rsquo;est&nbsp;pourquoi&nbsp;ils n&rsquo;h\u00e9sitent pas \u00e0 proposer \u00e0 leurs employ\u00e9s des modules de&nbsp;formations&nbsp;sp\u00e9cialis\u00e9es. En acqu\u00e9rant des connaissances nouvelles, ces derniers accroissent leurs performances et contribuent \u00e0 la bonne marche \u00e9conomique de l&rsquo;entreprise. Faire une&nbsp;formation&nbsp;pour gravir les \u00e9chelons est l&rsquo;une des raisons les plus courantes pour&nbsp;suivreune formation. &#8230; S&rsquo;inscrire [&hellip;]<\/p>\n","protected":false},"author":1,"featured_media":0,"parent":0,"menu_order":4,"comment_status":"closed","ping_status":"closed","template":"","meta":{"footnotes":""},"class_list":["post-29","page","type-page","status-publish","hentry"],"_links":{"self":[{"href":"https:\/\/www.zrsocius.com\/index.php\/wp-json\/wp\/v2\/pages\/29"}],"collection":[{"href":"https:\/\/www.zrsocius.com\/index.php\/wp-json\/wp\/v2\/pages"}],"about":[{"href":"https:\/\/www.zrsocius.com\/index.php\/wp-json\/wp\/v2\/types\/page"}],"author":[{"embeddable":true,"href":"https:\/\/www.zrsocius.com\/index.php\/wp-json\/wp\/v2\/users\/1"}],"replies":[{"embeddable":true,"href":"https:\/\/www.zrsocius.com\/index.php\/wp-json\/wp\/v2\/comments?post=29"}],"version-history":[{"count":10,"href":"https:\/\/www.zrsocius.com\/index.php\/wp-json\/wp\/v2\/pages\/29\/revisions"}],"predecessor-version":[{"id":354,"href":"https:\/\/www.zrsocius.com\/index.php\/wp-json\/wp\/v2\/pages\/29\/revisions\/354"}],"wp:attachment":[{"href":"https:\/\/www.zrsocius.com\/index.php\/wp-json\/wp\/v2\/media?parent=29"}],"curies":[{"name":"wp","href":"https:\/\/api.w.org\/{rel}","templated":true}]}}